{"id":2615,"date":"2025-12-16T14:06:54","date_gmt":"2025-12-16T13:06:54","guid":{"rendered":"https:\/\/www.messring.de\/?page_id=2615"},"modified":"2026-04-20T07:53:17","modified_gmt":"2026-04-20T05:53:17","slug":"partner","status":"publish","type":"page","link":"https:\/\/www.messring.de\/de\/service\/partner\/","title":{"rendered":"Partner"},"content":{"rendered":"<div class=\"wpb-content-wrapper\">[vc_row ppi_row_padding=&#8220;ppi_remove_padding_top,ppi_remove_padding_bottom&#8220;][vc_column][vc_column_text]\r\n<p style=\"text-align: center;\"><strong>Bei MESSRING erhalten Sie alle Komponenten aus einer Hand. Mit unserem umfassenden Portfolio finden wir genau die Technologie, die Ihre Anwendung optimal unterst\u00fctzt.<\/strong><\/p>\r\n[\/vc_column_text][\/vc_column][\/vc_row][vc_row ppi_row_padding=&#8220;ppi_remove_padding_bottom&#8220;][vc_column width=&#8220;1\/2&#8243;]<div class=\"mes_headlines mes_headlines--center\"><p class=\"mes_headlines--topline\">Humanetics<\/p><h4 class=\"h4\">Unsere Partnerschaft f\u00fcr die Sicherheit von Verkehrsteilnehmern<\/h4><\/div>[\/vc_column][vc_column width=&#8220;1\/2&#8243;]<div class=\"mes_headlines mes_headlines--center\"><p class=\"mes_headlines--topline\">nac<\/p><h4 class=\"h4\">Unsere Partnerschaft f\u00fcr die Bildgebungs-Technologie<\/h4><\/div>[\/vc_column][\/vc_row][vc_row ppi_row_padding=&#8220;ppi_remove_padding_top&#8220;][vc_column width=&#8220;1\/2&#8243;][vc_column_text]<img decoding=\"async\" class=\"alignnone wp-image-2653 size-full aligncenter\" src=\"https:\/\/www.messring.de\/wp-content\/uploads\/2025\/12\/Humanetics.png\" alt=\"\" width=\"540\" height=\"290\" srcset=\"https:\/\/www.messring.de\/wp-content\/uploads\/2025\/12\/Humanetics-300x290.png 300w, https:\/\/www.messring.de\/wp-content\/uploads\/2025\/12\/Humanetics-480x258.png 480w, https:\/\/www.messring.de\/wp-content\/uploads\/2025\/12\/Humanetics.png 540w\" sizes=\"(max-width: 540px) 100vw, 540px\" \/>\r\n<p style=\"text-align: center;\">Wir bei MESSRING sehen unsere fortschrittlichen Targets als ideale Erg\u00e4nzung zu den Ultra-Flat Overrunables (UFO)-Plattformen und den selbstfahrenden Robotern von Humanetics. Gemeinsam bieten wir eine leistungsstarke L\u00f6sung f\u00fcr Active Safety Tests der n\u00e4chsten Generation \u2013 mit einer umfassenden, multidimensionalen Sicht auf reale Verkehrsszenarien. So erh\u00f6hen wir die Fu\u00dfg\u00e4ngersicherheit, steigern die Testeffizienz, reduzieren Kosten und gew\u00e4hrleisten die Einhaltung globaler Sicherheitsstandards.<\/p>\r\n[\/vc_column_text][\/vc_column][vc_column width=&#8220;1\/2&#8243;][vc_column_text]<img decoding=\"async\" class=\"alignnone wp-image-2730 size-full aligncenter\" src=\"https:\/\/www.messring.de\/wp-content\/uploads\/2025\/12\/NAC-1.png\" alt=\"\" width=\"540\" height=\"290\" srcset=\"https:\/\/www.messring.de\/wp-content\/uploads\/2025\/12\/NAC-1-300x290.png 300w, https:\/\/www.messring.de\/wp-content\/uploads\/2025\/12\/NAC-1-480x258.png 480w, https:\/\/www.messring.de\/wp-content\/uploads\/2025\/12\/NAC-1.png 540w\" sizes=\"(max-width: 540px) 100vw, 540px\" \/>\r\n<p style=\"text-align: center;\">Unsere Experten haben ein Ziel: perfekte Bilddokumentation.<br data-start=\"142\" data-end=\"145\" \/>Als stolzer Vertriebspartner von NAC High-Speed-Kameras liefern wir Systeme mit unvergleichlicher Lichtempfindlichkeit \u2013 pr\u00e4zise entwickelt f\u00fcr die anspruchsvollsten Anwendungen.<\/p>\r\n[\/vc_column_text][\/vc_column][\/vc_row][vc_row ppi_row_type=&#8220;ppi_dark_grey&#8220; ppi_row_padding=&#8220;ppi_remove_padding_bottom&#8220; full_width=&#8220;stretch_row&#8220;][vc_column]<div class=\"mes_headlines mes_headlines--center\"><h2 class=\"h2\">MESSRING weltweit<\/h2><\/div>[\/vc_column][\/vc_row][vc_row ppi_row_type=&#8220;ppi_dark_grey&#8220; ppi_row_padding=&#8220;ppi_remove_padding_top,ppi_remove_padding_bottom&#8220; full_width=&#8220;stretch_row&#8220;][vc_column][vc_column_text]\r\n<p style=\"text-align: center;\"><strong>Von der Konzeption \u00fcber das Design bis hin zur Installation, Wartung und Aktualisierung garantieren unsere globalen Partner eine hervorragende Unterst\u00fctzung w\u00e4hrend des gesamten Projektverlaufs.<\/strong><\/p>\r\n&nbsp;\r\n<p style=\"text-align: center;\"><strong>Finden Sie den Ansprechpartner in Ihrer N\u00e4he:<\/strong><\/p>\r\n[\/vc_column_text][\/vc_column][\/vc_row][vc_row ppi_row_type=&#8220;ppi_dark_grey&#8220; ppi_row_padding=&#8220;ppi_remove_padding_top&#8220; full_width=&#8220;stretch_row&#8220;][vc_column width=&#8220;1\/2&#8243;][vc_tta_accordion][vc_tta_section title=&#8220;Frankreich&#8220; tab_id=&#8220;1765885456347-b46b3a75-a7ec&#8220;][vc_column_text]<strong>VTRONICS\r\n<\/strong>Quentin VILNET\r\nFrankreich\r\n\r\nPhone +33 (0) 7 86 25 53 91\r\n<a href=\"mailto: quentin.vilnet@vtronics.fr\">Send E-Mail<\/a>[\/vc_column_text][\/vc_tta_section][vc_tta_section title=&#8220;Indonesien&#8220; tab_id=&#8220;1765885411076-dfc074d1-4e2f&#8220;][vc_column_text]<strong>PT ATSS Sales &amp; Services<\/strong>\r\nGreen Sedayu Bizpark.\r\nBlok DM 16 No. 86\r\nJL. Daan Mogot Raya KM.18.\r\n11840 Jakarta Barat.\r\nIndonesia\r\n\r\nPhone: +62-21-5431 3783\r\n<a href=\"mailto:khairul.anwar@atssnet.com\">Send E-Mail<\/a>[\/vc_column_text][\/vc_tta_section][vc_tta_section title=&#8220;Malaysia&#8220; tab_id=&#8220;1764855236307-5126bb35-f2b4&#8243;][vc_column_text]<strong>ATSS Holdings Sdn Bhd (1054217-T) \u2013 HQ<\/strong>\r\n12-3, Blok 5, Jalan Jalil Jaya 6,\r\nJaya Link, Bukit Jalil,\r\n57000 Kuala Lumpur\r\nMalaysia\r\n\r\nPhone: +603-8999-4933\r\n<a href=\"mailto:ivan@ats.net.my\">Send E-Mail<\/a>\r\n\r\n<a href=\"https:\/\/www.atssnet.com\/index.php\" target=\"_blank\" rel=\"noopener\">Website<\/a>[\/vc_column_text][\/vc_tta_section][vc_tta_section title=&#8220;Korea&#8220; tab_id=&#8220;1765885461226-41880c0b-bd72&#8243;][vc_column_text]<strong>ISSOFT Co. Ltd.<\/strong>\r\nNo. 1003-1004, M Techno\r\nCenter Gongdan-ro 140beon\r\n15847 Gyeonggi-do, Gunpo-si, Dangjeong-dong,\r\nKorea\r\n\r\nPhone\u00a0+82-031-436-1422\r\n<a href=\"mailto:support@issoft.co.kr\">Send E-Mail<\/a>[\/vc_column_text][\/vc_tta_section][\/vc_tta_accordion][\/vc_column][vc_column width=&#8220;1\/2&#8243;][vc_tta_accordion][vc_tta_section title=&#8220;Argentinien \/ Brasilien&#8220; tab_id=&#8220;1764855169529-f1a712f4-39aa&#8220;][vc_column_text]<strong>ATC Consultoria S\/C Ltda.<\/strong>\r\nRua Elias Juvenal de Mello 1140\r\n13208-820 Jundiai \u2013 Sao Paulo\r\nBrazil\r\n\r\nMobile: +55-11-9 7027 3033\r\n<a href=\"mailto:richard.schwabe@messring.com\">Send E-Mail<\/a>[\/vc_column_text][\/vc_tta_section][vc_tta_section title=&#8220;Indien&#8220; tab_id=&#8220;1764855169537-fd92d208-4ec4&#8243;][vc_column_text]<strong>CONCORD INTERNATIONAL<\/strong>\r\n#529, 9th Cross, 30th Main Road\r\nHSR Layout Sector 1\r\nBangalore\u2013560 102\r\nIndia\r\n\r\nPhone: +91-80-2258 7873\r\nMobile: +91 988 6638 296\r\n<a href=\"mailto: concord@concord.co.in\">Send E-Mail<\/a>\r\n\r\n<a href=\"http:\/\/www.concord.co.in\/#\/home\" target=\"_blank\" rel=\"noopener\">Website<\/a>[\/vc_column_text][\/vc_tta_section][vc_tta_section title=&#8220;Taiwan&#8220; tab_id=&#8220;1765885752997-73d05288-6bee&#8220;][vc_column_text]<strong>U &amp; U INTERNATIONAL INC.<\/strong>\r\nUnit 6, 9F, 77, Tun Hua South Road\r\n10682 Taipei\r\nTaiwan, China\r\n\r\nPhone +886-2-27062110\r\n<a href=\"mailto:uuintl@tpts1.seed.net.tw\">Send E-Mail<\/a>\r\n\r\n<a href=\"https:\/\/www.uuinternational.com.tw\/\" target=\"_blank\" rel=\"noopener\">Website<\/a>[\/vc_column_text][\/vc_tta_section][vc_tta_section title=&#8220;Japan&#8220; tab_id=&#8220;1765885811555-22159c7b-6f22&#8243;][vc_column_text]<strong>NAC Image Technology, Inc.<\/strong>\r\n2-11-3 Kita-Aoyama, Minato-ku\r\n107-0061 Tokyo\r\nJapan\r\n\r\nPhone +81-3-3796-7903\r\n<a href=\"mailto:keisoku@camnac.co.jp\">Send E-Mail<\/a>\r\n\r\n<a href=\"https:\/\/www.nacinc.com\/\" target=\"_blank\" rel=\"noopener\">Website<\/a>[\/vc_column_text][\/vc_tta_section][vc_tta_section title=&#8220;Thailand&#8220; tab_id=&#8220;1765885881277-ed0b376d-021d&#8220;][vc_column_text]<strong>Chankasem International Co., LTD.\r\n<\/strong>90 Soi Chaeng Watthana 12 Yaek 4<strong>\r\n<\/strong>Thung Song Hong, Lak Si, Bangkok 10210\r\nThailand<strong>\r\n<\/strong>\r\n\r\nPhone +66 2 982 7000\r\n<a href=\"mailto: sales@chankaseminter.com\">Send E-Mail<\/a>[\/vc_column_text][\/vc_tta_section][\/vc_tta_accordion][\/vc_column][\/vc_row]<\/div>","protected":false},"excerpt":{"rendered":"[vc_row ppi_row_padding=&#8220;ppi_remove_padding_top,ppi_remove_padding_bottom&#8220;][vc_column][vc_column_text] Bei MESSRING erhalten Sie alle Komponenten aus einer Hand. Mit unserem umfassenden Portfolio finden wir genau die Technologie, die Ihre Anwendung optimal unterst\u00fctzt. [\/vc_column_text][\/vc_column][\/vc_row][vc_row ppi_row_padding=&#8220;ppi_remove_padding_bottom&#8220;][vc_column width=&#8220;1\/2&#8243;][\/vc_column][vc_column width=&#8220;1\/2&#8243;][\/vc_column][\/vc_row][vc_row ppi_row_padding=&#8220;ppi_remove_padding_top&#8220;][vc_column width=&#8220;1\/2&#8243;][vc_column_text] Wir bei MESSRING sehen unsere fortschrittlichen Targets als ideale Erg\u00e4nzung zu den Ultra-Flat Overrunables (UFO)-Plattformen und den selbstfahrenden Robotern von Humanetics. Gemeinsam bieten wir [&hellip;]","protected":false},"author":8,"featured_media":3337,"parent":392,"menu_order":0,"comment_status":"closed","ping_status":"closed","template":"","meta":{"_acf_changed":false,"inline_featured_image":false,"footnotes":""},"class_list":["post-2615","page","type-page","status-publish","has-post-thumbnail","hentry"],"acf":[],"yoast_head":"<!-- This site is optimized with the Yoast SEO plugin v27.2 - https:\/\/yoast.com\/product\/yoast-seo-wordpress\/ -->\n<title>Partner - Messring<\/title>\n<meta name=\"description\" content=\"Bei MESSRING erhalten Sie alle Komponenten aus einer Hand. Mit unserem umfassenden Portfolio finden wir genau die Technologie, die Ihre Anwendung optimal unterst\u00fctzt.\" \/>\n<meta name=\"robots\" content=\"index, follow, max-snippet:-1, max-image-preview:large, max-video-preview:-1\" \/>\n<link rel=\"canonical\" href=\"https:\/\/www.messring.de\/de\/service\/partner\/\" \/>\n<meta property=\"og:locale\" content=\"de_DE\" \/>\n<meta property=\"og:type\" content=\"article\" \/>\n<meta property=\"og:title\" content=\"Partner - Messring\" \/>\n<meta property=\"og:description\" content=\"Bei MESSRING erhalten Sie alle Komponenten aus einer Hand. Mit unserem umfassenden Portfolio finden wir genau die Technologie, die Ihre Anwendung optimal unterst\u00fctzt.\" \/>\n<meta property=\"og:url\" content=\"https:\/\/www.messring.de\/de\/service\/partner\/\" \/>\n<meta property=\"og:site_name\" content=\"Messring\" \/>\n<meta property=\"article:publisher\" content=\"https:\/\/www.facebook.com\/messring.de\" \/>\n<meta property=\"article:modified_time\" content=\"2026-04-20T05:53:17+00:00\" \/>\n<meta property=\"og:image\" content=\"https:\/\/www.messring.de\/wp-content\/uploads\/2026\/01\/Header_Partner4_1900x540px.jpg\" \/>\n\t<meta property=\"og:image:width\" content=\"1900\" \/>\n\t<meta property=\"og:image:height\" content=\"540\" \/>\n\t<meta property=\"og:image:type\" content=\"image\/jpeg\" \/>\n<meta name=\"twitter:card\" content=\"summary_large_image\" \/>\n<meta name=\"twitter:label1\" content=\"Gesch\u00e4tzte Lesezeit\" \/>\n\t<meta name=\"twitter:data1\" content=\"3\u00a0Minuten\" \/>\n<script type=\"application\/ld+json\" class=\"yoast-schema-graph\">{\"@context\":\"https:\/\/schema.org\",\"@graph\":[{\"@type\":\"WebPage\",\"@id\":\"https:\/\/www.messring.de\/de\/service\/partner\/\",\"url\":\"https:\/\/www.messring.de\/de\/service\/partner\/\",\"name\":\"Partner - Messring\",\"isPartOf\":{\"@id\":\"https:\/\/www.messring.de\/de\/#website\"},\"primaryImageOfPage\":{\"@id\":\"https:\/\/www.messring.de\/de\/service\/partner\/#primaryimage\"},\"image\":{\"@id\":\"https:\/\/www.messring.de\/de\/service\/partner\/#primaryimage\"},\"thumbnailUrl\":\"https:\/\/www.messring.de\/wp-content\/uploads\/2026\/01\/Header_Partner4_1900x540px.jpg\",\"datePublished\":\"2025-12-16T13:06:54+00:00\",\"dateModified\":\"2026-04-20T05:53:17+00:00\",\"description\":\"Bei MESSRING erhalten Sie alle Komponenten aus einer Hand. Mit unserem umfassenden Portfolio finden wir genau die Technologie, die Ihre Anwendung optimal unterst\u00fctzt.\",\"breadcrumb\":{\"@id\":\"https:\/\/www.messring.de\/de\/service\/partner\/#breadcrumb\"},\"inLanguage\":\"de\",\"potentialAction\":[{\"@type\":\"ReadAction\",\"target\":[\"https:\/\/www.messring.de\/de\/service\/partner\/\"]}]},{\"@type\":\"ImageObject\",\"inLanguage\":\"de\",\"@id\":\"https:\/\/www.messring.de\/de\/service\/partner\/#primaryimage\",\"url\":\"https:\/\/www.messring.de\/wp-content\/uploads\/2026\/01\/Header_Partner4_1900x540px.jpg\",\"contentUrl\":\"https:\/\/www.messring.de\/wp-content\/uploads\/2026\/01\/Header_Partner4_1900x540px.jpg\",\"width\":1900,\"height\":540},{\"@type\":\"BreadcrumbList\",\"@id\":\"https:\/\/www.messring.de\/de\/service\/partner\/#breadcrumb\",\"itemListElement\":[{\"@type\":\"ListItem\",\"position\":1,\"name\":\"Startseite\",\"item\":\"https:\/\/www.messring.de\/de\/\"},{\"@type\":\"ListItem\",\"position\":2,\"name\":\"Service\",\"item\":\"https:\/\/www.messring.de\/de\/service\/\"},{\"@type\":\"ListItem\",\"position\":3,\"name\":\"Partner\"}]},{\"@type\":\"WebSite\",\"@id\":\"https:\/\/www.messring.de\/de\/#website\",\"url\":\"https:\/\/www.messring.de\/de\/\",\"name\":\"Messring\",\"description\":\"\",\"publisher\":{\"@id\":\"https:\/\/www.messring.de\/de\/#organization\"},\"potentialAction\":[{\"@type\":\"SearchAction\",\"target\":{\"@type\":\"EntryPoint\",\"urlTemplate\":\"https:\/\/www.messring.de\/de\/?s={search_term_string}\"},\"query-input\":{\"@type\":\"PropertyValueSpecification\",\"valueRequired\":true,\"valueName\":\"search_term_string\"}}],\"inLanguage\":\"de\"},{\"@type\":\"Organization\",\"@id\":\"https:\/\/www.messring.de\/de\/#organization\",\"name\":\"Messring\",\"url\":\"https:\/\/www.messring.de\/de\/\",\"logo\":{\"@type\":\"ImageObject\",\"inLanguage\":\"de\",\"@id\":\"https:\/\/www.messring.de\/de\/#\/schema\/logo\/image\/\",\"url\":\"https:\/\/www.messring.de\/wp-content\/uploads\/2025\/07\/logo-messring.svg\",\"contentUrl\":\"https:\/\/www.messring.de\/wp-content\/uploads\/2025\/07\/logo-messring.svg\",\"width\":\"1024\",\"height\":\"1024\",\"caption\":\"Messring\"},\"image\":{\"@id\":\"https:\/\/www.messring.de\/de\/#\/schema\/logo\/image\/\"},\"sameAs\":[\"https:\/\/www.facebook.com\/messring.de\",\"https:\/\/www.xing.com\/pages\/messringgmbh\",\"https:\/\/de.linkedin.com\/company\/messring-gmbh\",\"https:\/\/www.youtube.com\/channel\/UCz4jFFJ7vL3szxE7EK3sFjQ\",\"https:\/\/www.instagram.com\/messring_gmbh\"]}]}<\/script>\n<!-- \/ Yoast SEO plugin. -->","yoast_head_json":{"title":"Partner - Messring","description":"Bei MESSRING erhalten Sie alle Komponenten aus einer Hand. Mit unserem umfassenden Portfolio finden wir genau die Technologie, die Ihre Anwendung optimal unterst\u00fctzt.","robots":{"index":"index","follow":"follow","max-snippet":"max-snippet:-1","max-image-preview":"max-image-preview:large","max-video-preview":"max-video-preview:-1"},"canonical":"https:\/\/www.messring.de\/de\/service\/partner\/","og_locale":"de_DE","og_type":"article","og_title":"Partner - Messring","og_description":"Bei MESSRING erhalten Sie alle Komponenten aus einer Hand. Mit unserem umfassenden Portfolio finden wir genau die Technologie, die Ihre Anwendung optimal unterst\u00fctzt.","og_url":"https:\/\/www.messring.de\/de\/service\/partner\/","og_site_name":"Messring","article_publisher":"https:\/\/www.facebook.com\/messring.de","article_modified_time":"2026-04-20T05:53:17+00:00","og_image":[{"width":1900,"height":540,"url":"https:\/\/www.messring.de\/wp-content\/uploads\/2026\/01\/Header_Partner4_1900x540px.jpg","type":"image\/jpeg"}],"twitter_card":"summary_large_image","twitter_misc":{"Gesch\u00e4tzte Lesezeit":"3\u00a0Minuten"},"schema":{"@context":"https:\/\/schema.org","@graph":[{"@type":"WebPage","@id":"https:\/\/www.messring.de\/de\/service\/partner\/","url":"https:\/\/www.messring.de\/de\/service\/partner\/","name":"Partner - Messring","isPartOf":{"@id":"https:\/\/www.messring.de\/de\/#website"},"primaryImageOfPage":{"@id":"https:\/\/www.messring.de\/de\/service\/partner\/#primaryimage"},"image":{"@id":"https:\/\/www.messring.de\/de\/service\/partner\/#primaryimage"},"thumbnailUrl":"https:\/\/www.messring.de\/wp-content\/uploads\/2026\/01\/Header_Partner4_1900x540px.jpg","datePublished":"2025-12-16T13:06:54+00:00","dateModified":"2026-04-20T05:53:17+00:00","description":"Bei MESSRING erhalten Sie alle Komponenten aus einer Hand. Mit unserem umfassenden Portfolio finden wir genau die Technologie, die Ihre Anwendung optimal unterst\u00fctzt.","breadcrumb":{"@id":"https:\/\/www.messring.de\/de\/service\/partner\/#breadcrumb"},"inLanguage":"de","potentialAction":[{"@type":"ReadAction","target":["https:\/\/www.messring.de\/de\/service\/partner\/"]}]},{"@type":"ImageObject","inLanguage":"de","@id":"https:\/\/www.messring.de\/de\/service\/partner\/#primaryimage","url":"https:\/\/www.messring.de\/wp-content\/uploads\/2026\/01\/Header_Partner4_1900x540px.jpg","contentUrl":"https:\/\/www.messring.de\/wp-content\/uploads\/2026\/01\/Header_Partner4_1900x540px.jpg","width":1900,"height":540},{"@type":"BreadcrumbList","@id":"https:\/\/www.messring.de\/de\/service\/partner\/#breadcrumb","itemListElement":[{"@type":"ListItem","position":1,"name":"Startseite","item":"https:\/\/www.messring.de\/de\/"},{"@type":"ListItem","position":2,"name":"Service","item":"https:\/\/www.messring.de\/de\/service\/"},{"@type":"ListItem","position":3,"name":"Partner"}]},{"@type":"WebSite","@id":"https:\/\/www.messring.de\/de\/#website","url":"https:\/\/www.messring.de\/de\/","name":"Messring","description":"","publisher":{"@id":"https:\/\/www.messring.de\/de\/#organization"},"potentialAction":[{"@type":"SearchAction","target":{"@type":"EntryPoint","urlTemplate":"https:\/\/www.messring.de\/de\/?s={search_term_string}"},"query-input":{"@type":"PropertyValueSpecification","valueRequired":true,"valueName":"search_term_string"}}],"inLanguage":"de"},{"@type":"Organization","@id":"https:\/\/www.messring.de\/de\/#organization","name":"Messring","url":"https:\/\/www.messring.de\/de\/","logo":{"@type":"ImageObject","inLanguage":"de","@id":"https:\/\/www.messring.de\/de\/#\/schema\/logo\/image\/","url":"https:\/\/www.messring.de\/wp-content\/uploads\/2025\/07\/logo-messring.svg","contentUrl":"https:\/\/www.messring.de\/wp-content\/uploads\/2025\/07\/logo-messring.svg","width":"1024","height":"1024","caption":"Messring"},"image":{"@id":"https:\/\/www.messring.de\/de\/#\/schema\/logo\/image\/"},"sameAs":["https:\/\/www.facebook.com\/messring.de","https:\/\/www.xing.com\/pages\/messringgmbh","https:\/\/de.linkedin.com\/company\/messring-gmbh","https:\/\/www.youtube.com\/channel\/UCz4jFFJ7vL3szxE7EK3sFjQ","https:\/\/www.instagram.com\/messring_gmbh"]}]}},"_links":{"self":[{"href":"https:\/\/www.messring.de\/de\/wp-json\/wp\/v2\/pages\/2615","targetHints":{"allow":["GET"]}}],"collection":[{"href":"https:\/\/www.messring.de\/de\/wp-json\/wp\/v2\/pages"}],"about":[{"href":"https:\/\/www.messring.de\/de\/wp-json\/wp\/v2\/types\/page"}],"author":[{"embeddable":true,"href":"https:\/\/www.messring.de\/de\/wp-json\/wp\/v2\/users\/8"}],"replies":[{"embeddable":true,"href":"https:\/\/www.messring.de\/de\/wp-json\/wp\/v2\/comments?post=2615"}],"version-history":[{"count":47,"href":"https:\/\/www.messring.de\/de\/wp-json\/wp\/v2\/pages\/2615\/revisions"}],"predecessor-version":[{"id":4577,"href":"https:\/\/www.messring.de\/de\/wp-json\/wp\/v2\/pages\/2615\/revisions\/4577"}],"up":[{"embeddable":true,"href":"https:\/\/www.messring.de\/de\/wp-json\/wp\/v2\/pages\/392"}],"wp:featuredmedia":[{"embeddable":true,"href":"https:\/\/www.messring.de\/de\/wp-json\/wp\/v2\/media\/3337"}],"wp:attachment":[{"href":"https:\/\/www.messring.de\/de\/wp-json\/wp\/v2\/media?parent=2615"}],"curies":[{"name":"wp","href":"https:\/\/api.w.org\/{rel}","templated":true}]}}